{"id":1523,"date":"2024-12-30T19:22:28","date_gmt":"2024-12-30T18:22:28","guid":{"rendered":"https:\/\/fisioterapiasar.es\/?page_id=1523"},"modified":"2024-12-30T19:30:02","modified_gmt":"2024-12-30T18:30:02","slug":"traumatologia","status":"publish","type":"page","link":"https:\/\/fisioterapiasar.es\/gl\/traumatologia\/","title":{"rendered":"Traumatolox\u00eda"},"content":{"rendered":"<div data-elementor-type=\"wp-page\" data-elementor-id=\"1523\" class=\"elementor elementor-1523\">\n\t\t\t\t<div class=\"elementor-element elementor-element-754c4313 e-con-full e-flex e-con e-parent\" data-id=\"754c4313\" data-element_type=\"container\" data-e-type=\"container\" data-settings=\"{&quot;background_background&quot;:&quot;slideshow&quot;,&quot;background_slideshow_gallery&quot;:[],&quot;background_slideshow_loop&quot;:&quot;yes&quot;,&quot;background_slideshow_slide_duration&quot;:5000,&quot;background_slideshow_slide_transition&quot;:&quot;fade&quot;,&quot;background_slideshow_transition_duration&quot;:500}\">\n\t\t\t\t<\/div>\n\t\t\t\t<section class=\"elementor-section elementor-top-section elementor-element elementor-element-20584572 elementor-section-boxed elementor-section-height-default elementor-section-height-default\" data-id=\"20584572\" data-element_type=\"section\" data-e-type=\"section\">\n\t\t\t\t\t\t<div class=\"elementor-container elementor-column-gap-default\">\n\t\t\t\t\t<div class=\"elementor-column elementor-col-100 elementor-top-column elementor-element elementor-element-12d37e14\" data-id=\"12d37e14\" data-element_type=\"column\" data-e-type=\"column\">\n\t\t\t<div class=\"elementor-widget-wrap elementor-element-populated\">\n\t\t\t\t\t\t<div class=\"elementor-element elementor-element-4dc4890 elementor-widget elementor-widget-heading\" data-id=\"4dc4890\" data-element_type=\"widget\" data-e-type=\"widget\" data-widget_type=\"heading.default\">\n\t\t\t\t<div class=\"elementor-widget-container\">\n\t\t\t\t\t<h1 class=\"elementor-heading-title elementor-size-default\">Traumatolox\u00eda<\/h1>\t\t\t\t<\/div>\n\t\t\t\t<\/div>\n\t\t\t\t\t<\/div>\n\t\t<\/div>\n\t\t\t\t\t<\/div>\n\t\t<\/section>\n\t\t\t\t<section class=\"elementor-section elementor-top-section elementor-element elementor-element-f0f614e elementor-section-boxed elementor-section-height-default elementor-section-height-default\" data-id=\"f0f614e\" data-element_type=\"section\" data-e-type=\"section\">\n\t\t\t\t\t\t<div class=\"elementor-container elementor-column-gap-default\">\n\t\t\t\t\t<div class=\"elementor-column elementor-col-100 elementor-top-column elementor-element elementor-element-ff39044\" data-id=\"ff39044\" data-element_type=\"column\" data-e-type=\"column\">\n\t\t\t<div class=\"elementor-widget-wrap elementor-element-populated\">\n\t\t\t\t\t\t<div class=\"elementor-element elementor-element-cbe20f2 elementor-widget elementor-widget-text-editor\" data-id=\"cbe20f2\" data-element_type=\"widget\" data-e-type=\"widget\" data-widget_type=\"text-editor.default\">\n\t\t\t\t<div class=\"elementor-widget-container\">\n\t\t\t\t\t\t\t\t\t<p>A <strong>Traumatolox\u00eda<\/strong> \u00e9 unha rama da Medicina que se dedica ao estudo e tratamento das lesi\u00f3ns traum\u00e1ticas que afectan ao sistema m\u00fasculo-esquel\u00e9tico, que incl\u00fae \u00f3sos, articulaci\u00f3ns, ligamentos, tend\u00f3ns e m\u00fasculos. O termo \"traumatolox\u00eda\" deriva do grego \"trauma\", que significa \"ferida\" ou \"lesi\u00f3n\". Esta especialidade m\u00e9dica abrangue unha gran variedade de condici\u00f3ns, desde fracturas e luxaci\u00f3ns ata lesi\u00f3ns de tecidos brandos, como escordaduras e roturas de ligamentos.<\/p><p>Un aspecto central da Traumatolox\u00eda \u00e9 o manexo das fracturas \u00f3seas. As fracturas poden variar en gravidade e complexidade, desde simples fracturas pechadas que se poden tratar con inmobilizaci\u00f3n, ata fracturas abertas ou conminutas que poden requirir intervenci\u00f3n cir\u00farxica. O obxectivo do tratamento \u00e9 reparar e ali\u00f1ar correctamente os \u00f3sos fracturados para facilitar a curaci\u00f3n e restaurar a funci\u00f3n normal.<\/p><p>A traumatolox\u00eda tam\u00e9n se ocupa das lesi\u00f3ns articulares, que poden inclu\u00edr luxaci\u00f3ns e lesi\u00f3ns nos ligamentos e cartilaxe. As luxaci\u00f3ns ocorren cando os \u00f3sos dunha articulaci\u00f3n se afastan da s\u00faa posici\u00f3n normal, moitas veces esixen reduci\u00f3ns ou po\u00f1endo os \u00f3sos no seu lugar. As lesi\u00f3ns dos ligamentos, como escordaduras e b\u00e1goas, poden variar en gravidade e poden requirir calquera cousa, desde fisioterapia ata cirurx\u00eda reconstrutiva.<\/p><p>Ademais das lesi\u00f3ns agudas, a Traumatolox\u00eda tam\u00e9n se ocupa das complicaci\u00f3ns e secuelas das lesi\u00f3ns, como a infecci\u00f3n, a mala uni\u00f3n (cando un \u00f3so fracturado cura nunha posici\u00f3n incorrecta), a falta de uni\u00f3n (cando un \u00f3so fracturado non cura) e a artrose postraum\u00e1tica. A xesti\u00f3n destas condici\u00f3ns pode requirir un enfoque multidisciplinar e inclu\u00edr fisioterapia, medicamentos e, nalg\u00fans casos, cirurx\u00eda.<\/p><p>En Fisioterapia Sar utilizamos a traumatolox\u00eda para a recuperaci\u00f3n e mellora en:<\/p><ul><li style=\"list-style-type: none;\"><ul><li>Hernias<\/li><li>Fracturas<\/li><li>Ci\u00e1tica<\/li><li>Post-cir\u00farxico<\/li><\/ul><\/li><\/ul>\t\t\t\t\t\t\t\t<\/div>\n\t\t\t\t<\/div>\n\t\t\t\t\t<\/div>\n\t\t<\/div>\n\t\t\t\t\t<\/div>\n\t\t<\/section>\n\t\t<div class=\"elementor-element elementor-element-fc17949 e-con-full e-flex e-con e-parent\" data-id=\"fc17949\" data-element_type=\"container\" data-e-type=\"container\" data-settings=\"{&quot;background_background&quot;:&quot;classic&quot;}\">\n\t\t\t\t<div class=\"elementor-element elementor-element-f2939ae elementor-widget elementor-widget-heading\" data-id=\"f2939ae\" data-element_type=\"widget\" data-e-type=\"widget\" data-widget_type=\"heading.default\">\n\t\t\t\t<div class=\"elementor-widget-container\">\n\t\t\t\t\t<h4 class=\"elementor-heading-title elementor-size-default\">Reserva a t\u00faa cita<\/h4>\t\t\t\t<\/div>\n\t\t\t\t<\/div>\n\t\t\t\t<div class=\"elementor-element elementor-element-a04bf75 elementor-widget__width-initial elementor-widget-mobile__width-inherit elementor-widget elementor-widget-text-editor\" data-id=\"a04bf75\" data-element_type=\"widget\" data-e-type=\"widget\" data-widget_type=\"text-editor.default\">\n\t\t\t\t<div class=\"elementor-widget-container\">\n\t\t\t\t\t\t\t\t\t<p>Se est\u00e1s interesado en programar un connosco ou co\u00f1ecer m\u00e1is sobre os servizos, non dubides en contactar connosco.<\/p>\t\t\t\t\t\t\t\t<\/div>\n\t\t\t\t<\/div>\n\t\t\t\t<div class=\"elementor-element elementor-element-17d8688 elementor-align-center elementor-widget elementor-widget-button\" data-id=\"17d8688\" data-element_type=\"widget\" data-e-type=\"widget\" data-widget_type=\"button.default\">\n\t\t\t\t<div class=\"elementor-widget-container\">\n\t\t\t\t\t\t\t\t\t<div class=\"elementor-button-wrapper\">\n\t\t\t\t\t<a class=\"elementor-button elementor-button-link elementor-size-lg elementor-animation-grow\" href=\"\/gl\/contacto\/\">\n\t\t\t\t\t\t<span class=\"elementor-button-content-wrapper\">\n\t\t\t\t\t\t\t\t\t<span class=\"elementor-button-text\">Contactar<\/span>\n\t\t\t\t\t<\/span>\n\t\t\t\t\t<\/a>\n\t\t\t\t<\/div>\n\t\t\t\t\t\t\t\t<\/div>\n\t\t\t\t<\/div>\n\t\t\t\t<\/div>\n\t\t\t\t<\/div>","protected":false},"excerpt":{"rendered":"<p>Traumatolog\u00eda La Traumatolog\u00eda es una rama de la Medicina que se dedica al estudio y tratamiento de las lesiones traum\u00e1ticas que afectan al sistema m\u00fasculo-esquel\u00e9tico, que incluye los huesos, las articulaciones, los ligamentos, los tendones y los m\u00fasculos. El t\u00e9rmino \u00abtraumatolog\u00eda\u00bb deriva del griego \u00abtrauma\u00bb, que significa \u00abherida\u00bb o \u00ablesi\u00f3n\u00bb. Esta especialidad m\u00e9dica abarca una&hellip;&nbsp;<a href=\"https:\/\/fisioterapiasar.es\/gl\/traumatologia\/\" rel=\"bookmark\">Read More &raquo;<span class=\"screen-reader-text\">Traumatolox\u00eda<\/span><\/a><\/p>","protected":false},"author":1,"featured_media":0,"parent":0,"menu_order":0,"comment_status":"closed","ping_status":"closed","template":"","meta":{"om_disable_all_campaigns":false,"_monsterinsights_skip_tracking":false,"_monsterinsights_sitenote_active":false,"_monsterinsights_sitenote_note":"","_monsterinsights_sitenote_category":0,"neve_meta_sidebar":"","neve_meta_container":"","neve_meta_enable_content_width":"","neve_meta_content_width":0,"neve_meta_title_alignment":"","neve_meta_author_avatar":"","neve_post_elements_order":"","neve_meta_disable_header":"","neve_meta_disable_footer":"","neve_meta_disable_title":"on","neve_meta_reading_time":"","_ti_tpc_template_sync":false,"_ti_tpc_template_id":"","footnotes":""},"class_list":["post-1523","page","type-page","status-publish","hentry"],"aioseo_notices":[],"_links":{"self":[{"href":"https:\/\/fisioterapiasar.es\/gl\/wp-json\/wp\/v2\/pages\/1523","targetHints":{"allow":["GET"]}}],"collection":[{"href":"https:\/\/fisioterapiasar.es\/gl\/wp-json\/wp\/v2\/pages"}],"about":[{"href":"https:\/\/fisioterapiasar.es\/gl\/wp-json\/wp\/v2\/types\/page"}],"author":[{"embeddable":true,"href":"https:\/\/fisioterapiasar.es\/gl\/wp-json\/wp\/v2\/users\/1"}],"replies":[{"embeddable":true,"href":"https:\/\/fisioterapiasar.es\/gl\/wp-json\/wp\/v2\/comments?post=1523"}],"version-history":[{"count":11,"href":"https:\/\/fisioterapiasar.es\/gl\/wp-json\/wp\/v2\/pages\/1523\/revisions"}],"predecessor-version":[{"id":1534,"href":"https:\/\/fisioterapiasar.es\/gl\/wp-json\/wp\/v2\/pages\/1523\/revisions\/1534"}],"wp:attachment":[{"href":"https:\/\/fisioterapiasar.es\/gl\/wp-json\/wp\/v2\/media?parent=1523"}],"curies":[{"name":"wp","href":"https:\/\/api.w.org\/{rel}","templated":true}]}}