{"id":1549,"date":"2025-01-04T10:10:40","date_gmt":"2025-01-04T09:10:40","guid":{"rendered":"https:\/\/fisioterapiasar.es\/?page_id=1549"},"modified":"2025-01-04T10:12:38","modified_gmt":"2025-01-04T09:12:38","slug":"reumatologia","status":"publish","type":"page","link":"https:\/\/fisioterapiasar.es\/gl\/reumatologia\/","title":{"rendered":"Reumatolox\u00eda"},"content":{"rendered":"<div data-elementor-type=\"wp-page\" data-elementor-id=\"1549\" class=\"elementor elementor-1549\">\n\t\t\t\t<div class=\"elementor-element elementor-element-754c4313 e-con-full e-flex e-con e-parent\" data-id=\"754c4313\" data-element_type=\"container\" data-e-type=\"container\" data-settings=\"{&quot;background_background&quot;:&quot;slideshow&quot;,&quot;background_slideshow_gallery&quot;:[],&quot;background_slideshow_loop&quot;:&quot;yes&quot;,&quot;background_slideshow_slide_duration&quot;:5000,&quot;background_slideshow_slide_transition&quot;:&quot;fade&quot;,&quot;background_slideshow_transition_duration&quot;:500}\">\n\t\t\t\t<\/div>\n\t\t\t\t<section class=\"elementor-section elementor-top-section elementor-element elementor-element-20584572 elementor-section-boxed elementor-section-height-default elementor-section-height-default\" data-id=\"20584572\" data-element_type=\"section\" data-e-type=\"section\">\n\t\t\t\t\t\t<div class=\"elementor-container elementor-column-gap-default\">\n\t\t\t\t\t<div class=\"elementor-column elementor-col-100 elementor-top-column elementor-element elementor-element-12d37e14\" data-id=\"12d37e14\" data-element_type=\"column\" data-e-type=\"column\">\n\t\t\t<div class=\"elementor-widget-wrap elementor-element-populated\">\n\t\t\t\t\t\t<div class=\"elementor-element elementor-element-4dc4890 elementor-widget elementor-widget-heading\" data-id=\"4dc4890\" data-element_type=\"widget\" data-e-type=\"widget\" data-widget_type=\"heading.default\">\n\t\t\t\t<div class=\"elementor-widget-container\">\n\t\t\t\t\t<h1 class=\"elementor-heading-title elementor-size-default\">Reumatolox\u00eda<\/h1>\t\t\t\t<\/div>\n\t\t\t\t<\/div>\n\t\t\t\t\t<\/div>\n\t\t<\/div>\n\t\t\t\t\t<\/div>\n\t\t<\/section>\n\t\t\t\t<section class=\"elementor-section elementor-top-section elementor-element elementor-element-f0f614e elementor-section-boxed elementor-section-height-default elementor-section-height-default\" data-id=\"f0f614e\" data-element_type=\"section\" data-e-type=\"section\">\n\t\t\t\t\t\t<div class=\"elementor-container elementor-column-gap-default\">\n\t\t\t\t\t<div class=\"elementor-column elementor-col-100 elementor-top-column elementor-element elementor-element-ff39044\" data-id=\"ff39044\" data-element_type=\"column\" data-e-type=\"column\">\n\t\t\t<div class=\"elementor-widget-wrap elementor-element-populated\">\n\t\t\t\t\t\t<div class=\"elementor-element elementor-element-cbe20f2 elementor-widget elementor-widget-text-editor\" data-id=\"cbe20f2\" data-element_type=\"widget\" data-e-type=\"widget\" data-widget_type=\"text-editor.default\">\n\t\t\t\t<div class=\"elementor-widget-container\">\n\t\t\t\t\t\t\t\t\t<p>A <strong>Reumatolox\u00eda<\/strong> \u00e9 a especialidade m\u00e9dica que se encarga de previr, diagnosticar e tratar as enfermidades musculoesquel\u00e9ticas e autoinmunes sist\u00e9micas. \u00c9 unha das especialidades que m\u00e1is avances experimentou nos \u00faltimos anos no diagn\u00f3stico e tratamento.<\/p><p>Existen m\u00e1is de 200 enfermidades reum\u00e1ticas e poden afectar a calquera franxa de idade, desde nenos ata anci\u00e1ns. En conxunto, estas patolox\u00edas afectan a un de cada catro adultos en Espa\u00f1a. Son a segunda causa de consulta, tras as infecci\u00f3ns respiratorias agudas, en Atenci\u00f3n Primaria e a primeira causa de discapacidade na nosa contorna. Ademais, as enfermidades do aparello locomotor son as que m\u00e1is deterioran a calidade de vida das persoas, por riba das enfermidades pulmonares e card\u00edacas.<\/p><p>As enfermidades musculoesquel\u00e9ticas afectan \u00f3s \u00f3sos, m\u00fasculos e articulaci\u00f3ns, as\u00ed como \u00f3s tecidos que os rodean, podendo provocar dor, inflamaci\u00f3n, rixidez, limitaci\u00f3n do movemento e deformidades. Por outra banda, as enfermidades autoinmunes sist\u00e9micas, como o lupus, a s\u00edndrome de Sj\u00f6gren, a esclerodermia ou a dermatomiosote, poden afectar a calquera \u00f3rgano do organismo, como os riles, os pulm\u00f3ns, a pel, o coraz\u00f3n ou o cerebro.<\/p><p>Estas enfermidades adoitan ser cr\u00f3nicas, polo que requiren un seguimento por parte dun reumat\u00f3logo ao longo da vida.<\/p><p>En Fisioterapia Sar utilizamos a reumatolox\u00eda para a recuperaci\u00f3n e mellora en:<\/p><ul><li style=\"list-style-type: none;\"><ul><li>Osteoartrite<\/li><li>Artrite<\/li><li>Fibromialxia<\/li><\/ul><\/li><\/ul>\t\t\t\t\t\t\t\t<\/div>\n\t\t\t\t<\/div>\n\t\t\t\t\t<\/div>\n\t\t<\/div>\n\t\t\t\t\t<\/div>\n\t\t<\/section>\n\t\t<div class=\"elementor-element elementor-element-fc17949 e-con-full e-flex e-con e-parent\" data-id=\"fc17949\" data-element_type=\"container\" data-e-type=\"container\" data-settings=\"{&quot;background_background&quot;:&quot;classic&quot;}\">\n\t\t\t\t<div class=\"elementor-element elementor-element-f2939ae elementor-widget elementor-widget-heading\" data-id=\"f2939ae\" data-element_type=\"widget\" data-e-type=\"widget\" data-widget_type=\"heading.default\">\n\t\t\t\t<div class=\"elementor-widget-container\">\n\t\t\t\t\t<h4 class=\"elementor-heading-title elementor-size-default\">Reserva a t\u00faa cita<\/h4>\t\t\t\t<\/div>\n\t\t\t\t<\/div>\n\t\t\t\t<div class=\"elementor-element elementor-element-a04bf75 elementor-widget__width-initial elementor-widget-mobile__width-inherit elementor-widget elementor-widget-text-editor\" data-id=\"a04bf75\" data-element_type=\"widget\" data-e-type=\"widget\" data-widget_type=\"text-editor.default\">\n\t\t\t\t<div class=\"elementor-widget-container\">\n\t\t\t\t\t\t\t\t\t<p>Se est\u00e1s interesado en programar un connosco ou co\u00f1ecer m\u00e1is sobre os servizos, non dubides en contactar connosco.<\/p>\t\t\t\t\t\t\t\t<\/div>\n\t\t\t\t<\/div>\n\t\t\t\t<div class=\"elementor-element elementor-element-17d8688 elementor-align-center elementor-widget elementor-widget-button\" data-id=\"17d8688\" data-element_type=\"widget\" data-e-type=\"widget\" data-widget_type=\"button.default\">\n\t\t\t\t<div class=\"elementor-widget-container\">\n\t\t\t\t\t\t\t\t\t<div class=\"elementor-button-wrapper\">\n\t\t\t\t\t<a class=\"elementor-button elementor-button-link elementor-size-lg elementor-animation-grow\" href=\"\/gl\/contacto\/\">\n\t\t\t\t\t\t<span class=\"elementor-button-content-wrapper\">\n\t\t\t\t\t\t\t\t\t<span class=\"elementor-button-text\">Contactar<\/span>\n\t\t\t\t\t<\/span>\n\t\t\t\t\t<\/a>\n\t\t\t\t<\/div>\n\t\t\t\t\t\t\t\t<\/div>\n\t\t\t\t<\/div>\n\t\t\t\t<\/div>\n\t\t\t\t<\/div>","protected":false},"excerpt":{"rendered":"<p>Reumatolog\u00eda La Reumatolog\u00eda es la especialidad m\u00e9dica que se encarga de prevenir, diagnosticar y tratar las enfermedades musculoesquel\u00e9ticas y autoinmunes sist\u00e9micas. Se trata de una de las especialidades que m\u00e1s avances en diagn\u00f3stico y tratamiento ha experimentado en los \u00faltimos a\u00f1os. Existen m\u00e1s de 200 enfermedades reum\u00e1ticas y pueden afectar a cualquier rango de edad,&hellip;&nbsp;<a href=\"https:\/\/fisioterapiasar.es\/gl\/reumatologia\/\" rel=\"bookmark\">Read More &raquo;<span class=\"screen-reader-text\">Reumatolox\u00eda<\/span><\/a><\/p>","protected":false},"author":1,"featured_media":0,"parent":0,"menu_order":0,"comment_status":"closed","ping_status":"closed","template":"","meta":{"om_disable_all_campaigns":false,"_monsterinsights_skip_tracking":false,"_monsterinsights_sitenote_active":false,"_monsterinsights_sitenote_note":"","_monsterinsights_sitenote_category":0,"neve_meta_sidebar":"","neve_meta_container":"","neve_meta_enable_content_width":"","neve_meta_content_width":0,"neve_meta_title_alignment":"","neve_meta_author_avatar":"","neve_post_elements_order":"","neve_meta_disable_header":"","neve_meta_disable_footer":"","neve_meta_disable_title":"on","neve_meta_reading_time":"","_ti_tpc_template_sync":false,"_ti_tpc_template_id":"","footnotes":""},"class_list":["post-1549","page","type-page","status-publish","hentry"],"aioseo_notices":[],"_links":{"self":[{"href":"https:\/\/fisioterapiasar.es\/gl\/wp-json\/wp\/v2\/pages\/1549","targetHints":{"allow":["GET"]}}],"collection":[{"href":"https:\/\/fisioterapiasar.es\/gl\/wp-json\/wp\/v2\/pages"}],"about":[{"href":"https:\/\/fisioterapiasar.es\/gl\/wp-json\/wp\/v2\/types\/page"}],"author":[{"embeddable":true,"href":"https:\/\/fisioterapiasar.es\/gl\/wp-json\/wp\/v2\/users\/1"}],"replies":[{"embeddable":true,"href":"https:\/\/fisioterapiasar.es\/gl\/wp-json\/wp\/v2\/comments?post=1549"}],"version-history":[{"count":5,"href":"https:\/\/fisioterapiasar.es\/gl\/wp-json\/wp\/v2\/pages\/1549\/revisions"}],"predecessor-version":[{"id":1554,"href":"https:\/\/fisioterapiasar.es\/gl\/wp-json\/wp\/v2\/pages\/1549\/revisions\/1554"}],"wp:attachment":[{"href":"https:\/\/fisioterapiasar.es\/gl\/wp-json\/wp\/v2\/media?parent=1549"}],"curies":[{"name":"wp","href":"https:\/\/api.w.org\/{rel}","templated":true}]}}