{"id":1564,"date":"2025-01-04T10:22:34","date_gmt":"2025-01-04T09:22:34","guid":{"rendered":"https:\/\/fisioterapiasar.es\/?page_id=1564"},"modified":"2025-01-04T19:33:48","modified_gmt":"2025-01-04T18:33:48","slug":"masaje","status":"publish","type":"page","link":"https:\/\/fisioterapiasar.es\/gl\/masaje\/","title":{"rendered":"Masaxe"},"content":{"rendered":"<div data-elementor-type=\"wp-page\" data-elementor-id=\"1564\" class=\"elementor elementor-1564\">\n\t\t\t\t<div class=\"elementor-element elementor-element-754c4313 e-con-full e-flex e-con e-parent\" data-id=\"754c4313\" data-element_type=\"container\" data-e-type=\"container\" data-settings=\"{&quot;background_background&quot;:&quot;slideshow&quot;,&quot;background_slideshow_gallery&quot;:[],&quot;background_slideshow_loop&quot;:&quot;yes&quot;,&quot;background_slideshow_slide_duration&quot;:5000,&quot;background_slideshow_slide_transition&quot;:&quot;fade&quot;,&quot;background_slideshow_transition_duration&quot;:500}\">\n\t\t\t\t<\/div>\n\t\t\t\t<section class=\"elementor-section elementor-top-section elementor-element elementor-element-20584572 elementor-section-boxed elementor-section-height-default elementor-section-height-default\" data-id=\"20584572\" data-element_type=\"section\" data-e-type=\"section\">\n\t\t\t\t\t\t<div class=\"elementor-container elementor-column-gap-default\">\n\t\t\t\t\t<div class=\"elementor-column elementor-col-100 elementor-top-column elementor-element elementor-element-12d37e14\" data-id=\"12d37e14\" data-element_type=\"column\" data-e-type=\"column\">\n\t\t\t<div class=\"elementor-widget-wrap elementor-element-populated\">\n\t\t\t\t\t\t<div class=\"elementor-element elementor-element-4dc4890 elementor-widget elementor-widget-heading\" data-id=\"4dc4890\" data-element_type=\"widget\" data-e-type=\"widget\" data-widget_type=\"heading.default\">\n\t\t\t\t<div class=\"elementor-widget-container\">\n\t\t\t\t\t<h1 class=\"elementor-heading-title elementor-size-default\">Masaxe<\/h1>\t\t\t\t<\/div>\n\t\t\t\t<\/div>\n\t\t\t\t\t<\/div>\n\t\t<\/div>\n\t\t\t\t\t<\/div>\n\t\t<\/section>\n\t\t\t\t<section class=\"elementor-section elementor-top-section elementor-element elementor-element-f0f614e elementor-section-boxed elementor-section-height-default elementor-section-height-default\" data-id=\"f0f614e\" data-element_type=\"section\" data-e-type=\"section\">\n\t\t\t\t\t\t<div class=\"elementor-container elementor-column-gap-default\">\n\t\t\t\t\t<div class=\"elementor-column elementor-col-100 elementor-top-column elementor-element elementor-element-ff39044\" data-id=\"ff39044\" data-element_type=\"column\" data-e-type=\"column\">\n\t\t\t<div class=\"elementor-widget-wrap elementor-element-populated\">\n\t\t\t\t\t\t<div class=\"elementor-element elementor-element-cbe20f2 elementor-widget elementor-widget-text-editor\" data-id=\"cbe20f2\" data-element_type=\"widget\" data-e-type=\"widget\" data-widget_type=\"text-editor.default\">\n\t\t\t\t<div class=\"elementor-widget-container\">\n\t\t\t\t\t\t\t\t\t<p>O <strong>Masaxe<\/strong> tr\u00e1tase dun procedemento no que se empregan as mans como influencia mec\u00e1nica sobre o corpo mediante t\u00e9cnicas de amasado, presi\u00f3n, golpeteo, etc., sobre todo para relaxar os m\u00fasculos tensos, aliviar a dor e mellorar as posibles lesi\u00f3ns dos tecidos (m\u00fasculos, ligamentos ou tend\u00f3ns). ), ademais de favorecer a sa\u00fade e o benestar f\u00edsico da persoa sobre a que se realiza.<\/p><p>En Fisioterapia Sar realizamos os seguintes tipos de masaxe:<\/p><ul><li style=\"list-style-type: none;\"><ul><li>Cervical<\/li><li>Lumbar<\/li><li>Relaxante<\/li><li>Descontracturante<\/li><\/ul><\/li><\/ul>\t\t\t\t\t\t\t\t<\/div>\n\t\t\t\t<\/div>\n\t\t\t\t\t<\/div>\n\t\t<\/div>\n\t\t\t\t\t<\/div>\n\t\t<\/section>\n\t\t<div class=\"elementor-element elementor-element-fc17949 e-con-full e-flex e-con e-parent\" data-id=\"fc17949\" data-element_type=\"container\" data-e-type=\"container\" data-settings=\"{&quot;background_background&quot;:&quot;classic&quot;}\">\n\t\t\t\t<div class=\"elementor-element elementor-element-f2939ae elementor-widget elementor-widget-heading\" data-id=\"f2939ae\" data-element_type=\"widget\" data-e-type=\"widget\" data-widget_type=\"heading.default\">\n\t\t\t\t<div class=\"elementor-widget-container\">\n\t\t\t\t\t<h4 class=\"elementor-heading-title elementor-size-default\">Reserva a t\u00faa cita<\/h4>\t\t\t\t<\/div>\n\t\t\t\t<\/div>\n\t\t\t\t<div class=\"elementor-element elementor-element-a04bf75 elementor-widget__width-initial elementor-widget-mobile__width-inherit elementor-widget elementor-widget-text-editor\" data-id=\"a04bf75\" data-element_type=\"widget\" data-e-type=\"widget\" data-widget_type=\"text-editor.default\">\n\t\t\t\t<div class=\"elementor-widget-container\">\n\t\t\t\t\t\t\t\t\t<p>Se est\u00e1s interesado en programar un connosco ou co\u00f1ecer m\u00e1is sobre os servizos, non dubides en contactar connosco.<\/p>\t\t\t\t\t\t\t\t<\/div>\n\t\t\t\t<\/div>\n\t\t\t\t<div class=\"elementor-element elementor-element-17d8688 elementor-align-center elementor-widget elementor-widget-button\" data-id=\"17d8688\" data-element_type=\"widget\" data-e-type=\"widget\" data-widget_type=\"button.default\">\n\t\t\t\t<div class=\"elementor-widget-container\">\n\t\t\t\t\t\t\t\t\t<div class=\"elementor-button-wrapper\">\n\t\t\t\t\t<a class=\"elementor-button elementor-button-link elementor-size-lg elementor-animation-grow\" href=\"\/gl\/contacto\/\">\n\t\t\t\t\t\t<span class=\"elementor-button-content-wrapper\">\n\t\t\t\t\t\t\t\t\t<span class=\"elementor-button-text\">Contactar<\/span>\n\t\t\t\t\t<\/span>\n\t\t\t\t\t<\/a>\n\t\t\t\t<\/div>\n\t\t\t\t\t\t\t\t<\/div>\n\t\t\t\t<\/div>\n\t\t\t\t<\/div>\n\t\t\t\t<\/div>","protected":false},"excerpt":{"rendered":"<p>Masaje El Masaje es un procedimiento en el que se utilizan las manos como una influencia mec\u00e1nica sobre el cuerpo mediante t\u00e9cnicas de amasamiento, presiones, golpeteos etc, especialmente para relajar los m\u00fasculos tensos, aliviar el dolor y mejorar posibles lesiones en los tejidos (m\u00fasculos, ligamentos o tendones), adem\u00e1s de favorecer la salud y bienestar corporal&hellip;&nbsp;<a href=\"https:\/\/fisioterapiasar.es\/gl\/masaje\/\" rel=\"bookmark\">Read More &raquo;<span class=\"screen-reader-text\">Masaxe<\/span><\/a><\/p>","protected":false},"author":1,"featured_media":0,"parent":0,"menu_order":0,"comment_status":"closed","ping_status":"closed","template":"","meta":{"om_disable_all_campaigns":false,"_monsterinsights_skip_tracking":false,"_monsterinsights_sitenote_active":false,"_monsterinsights_sitenote_note":"","_monsterinsights_sitenote_category":0,"neve_meta_sidebar":"","neve_meta_container":"","neve_meta_enable_content_width":"","neve_meta_content_width":0,"neve_meta_title_alignment":"","neve_meta_author_avatar":"","neve_post_elements_order":"","neve_meta_disable_header":"","neve_meta_disable_footer":"","neve_meta_disable_title":"on","neve_meta_reading_time":"","_ti_tpc_template_sync":false,"_ti_tpc_template_id":"","footnotes":""},"class_list":["post-1564","page","type-page","status-publish","hentry"],"aioseo_notices":[],"_links":{"self":[{"href":"https:\/\/fisioterapiasar.es\/gl\/wp-json\/wp\/v2\/pages\/1564","targetHints":{"allow":["GET"]}}],"collection":[{"href":"https:\/\/fisioterapiasar.es\/gl\/wp-json\/wp\/v2\/pages"}],"about":[{"href":"https:\/\/fisioterapiasar.es\/gl\/wp-json\/wp\/v2\/types\/page"}],"author":[{"embeddable":true,"href":"https:\/\/fisioterapiasar.es\/gl\/wp-json\/wp\/v2\/users\/1"}],"replies":[{"embeddable":true,"href":"https:\/\/fisioterapiasar.es\/gl\/wp-json\/wp\/v2\/comments?post=1564"}],"version-history":[{"count":8,"href":"https:\/\/fisioterapiasar.es\/gl\/wp-json\/wp\/v2\/pages\/1564\/revisions"}],"predecessor-version":[{"id":1600,"href":"https:\/\/fisioterapiasar.es\/gl\/wp-json\/wp\/v2\/pages\/1564\/revisions\/1600"}],"wp:attachment":[{"href":"https:\/\/fisioterapiasar.es\/gl\/wp-json\/wp\/v2\/media?parent=1564"}],"curies":[{"name":"wp","href":"https:\/\/api.w.org\/{rel}","templated":true}]}}