{"id":1570,"date":"2025-01-04T18:48:03","date_gmt":"2025-01-04T17:48:03","guid":{"rendered":"https:\/\/fisioterapiasar.es\/?page_id=1570"},"modified":"2025-01-04T18:59:41","modified_gmt":"2025-01-04T17:59:41","slug":"terapias","status":"publish","type":"page","link":"https:\/\/fisioterapiasar.es\/gl\/terapias\/","title":{"rendered":"Terapias"},"content":{"rendered":"<div data-elementor-type=\"wp-page\" data-elementor-id=\"1570\" class=\"elementor elementor-1570\">\n\t\t\t\t<div class=\"elementor-element elementor-element-754c4313 e-con-full e-flex e-con e-parent\" data-id=\"754c4313\" data-element_type=\"container\" data-e-type=\"container\" data-settings=\"{&quot;background_background&quot;:&quot;slideshow&quot;,&quot;background_slideshow_gallery&quot;:[],&quot;background_slideshow_loop&quot;:&quot;yes&quot;,&quot;background_slideshow_slide_duration&quot;:5000,&quot;background_slideshow_slide_transition&quot;:&quot;fade&quot;,&quot;background_slideshow_transition_duration&quot;:500}\">\n\t\t\t\t<\/div>\n\t\t\t\t<section class=\"elementor-section elementor-top-section elementor-element elementor-element-20584572 elementor-section-boxed elementor-section-height-default elementor-section-height-default\" data-id=\"20584572\" data-element_type=\"section\" data-e-type=\"section\">\n\t\t\t\t\t\t<div class=\"elementor-container elementor-column-gap-default\">\n\t\t\t\t\t<div class=\"elementor-column elementor-col-100 elementor-top-column elementor-element elementor-element-12d37e14\" data-id=\"12d37e14\" data-element_type=\"column\" data-e-type=\"column\">\n\t\t\t<div class=\"elementor-widget-wrap elementor-element-populated\">\n\t\t\t\t\t\t<div class=\"elementor-element elementor-element-4dc4890 elementor-widget elementor-widget-heading\" data-id=\"4dc4890\" data-element_type=\"widget\" data-e-type=\"widget\" data-widget_type=\"heading.default\">\n\t\t\t\t<div class=\"elementor-widget-container\">\n\t\t\t\t\t<h1 class=\"elementor-heading-title elementor-size-default\">Terapias<\/h1>\t\t\t\t<\/div>\n\t\t\t\t<\/div>\n\t\t\t\t\t<\/div>\n\t\t<\/div>\n\t\t\t\t\t<\/div>\n\t\t<\/section>\n\t\t\t\t<section class=\"elementor-section elementor-top-section elementor-element elementor-element-f0f614e elementor-section-boxed elementor-section-height-default elementor-section-height-default\" data-id=\"f0f614e\" data-element_type=\"section\" data-e-type=\"section\">\n\t\t\t\t\t\t<div class=\"elementor-container elementor-column-gap-default\">\n\t\t\t\t\t<div class=\"elementor-column elementor-col-100 elementor-top-column elementor-element elementor-element-ff39044\" data-id=\"ff39044\" data-element_type=\"column\" data-e-type=\"column\">\n\t\t\t<div class=\"elementor-widget-wrap elementor-element-populated\">\n\t\t\t\t\t\t<div class=\"elementor-element elementor-element-cbe20f2 elementor-widget elementor-widget-text-editor\" data-id=\"cbe20f2\" data-element_type=\"widget\" data-e-type=\"widget\" data-widget_type=\"text-editor.default\">\n\t\t\t\t<div class=\"elementor-widget-container\">\n\t\t\t\t\t\t\t\t\t<p><span style=\"background-color: var(--nv-site-bg); color: var( --e-global-color-text ); font-family: var( --e-global-typography-text-font-family ), Sans-serif; font-weight: var( --e-global-typography-text-font-weight ); letter-spacing: var(--bodyletterspacing); text-transform: var(--bodytexttransform);\">En Fisioterapia Sar realizamos los siguientes tipos de terapias:<\/span><\/p><ul><li style=\"list-style-type: none;\"><ul><li>Radiofrecuencia<\/li><li>Electroterapia<\/li><li>Magnetoterapia<\/li><li>Punci\u00f3n seca<\/li><li>Osteopat\u00eda<\/li><li>Acupuntura<\/li><li>Terapias manuais<\/li><\/ul><\/li><\/ul>\t\t\t\t\t\t\t\t<\/div>\n\t\t\t\t<\/div>\n\t\t<div class=\"elementor-element elementor-element-c8960f3 e-grid e-con-boxed e-con e-parent\" data-id=\"c8960f3\" data-element_type=\"container\" data-e-type=\"container\">\n\t\t\t\t\t<div class=\"e-con-inner\">\n\t\t\t\t<div class=\"elementor-element elementor-element-763c421 elementor-widget elementor-widget-image\" data-id=\"763c421\" data-element_type=\"widget\" data-e-type=\"widget\" data-widget_type=\"image.default\">\n\t\t\t\t<div class=\"elementor-widget-container\">\n\t\t\t\t\t\t\t\t\t\t\t\t\t\t\t<img fetchpriority=\"high\" decoding=\"async\" width=\"1024\" height=\"576\" src=\"https:\/\/fisioterapiasar.es\/wp-content\/uploads\/2025\/01\/radiofrecuenca-1024x576.png\" class=\"attachment-large size-large wp-image-1573\" alt=\"\" srcset=\"https:\/\/fisioterapiasar.es\/wp-content\/uploads\/2025\/01\/radiofrecuenca-1024x576.png 1024w, https:\/\/fisioterapiasar.es\/wp-content\/uploads\/2025\/01\/radiofrecuenca-300x169.png 300w, https:\/\/fisioterapiasar.es\/wp-content\/uploads\/2025\/01\/radiofrecuenca-768x432.png 768w, https:\/\/fisioterapiasar.es\/wp-content\/uploads\/2025\/01\/radiofrecuenca-18x10.png 18w, https:\/\/fisioterapiasar.es\/wp-content\/uploads\/2025\/01\/radiofrecuenca.png 1366w\" sizes=\"(max-width: 1024px) 100vw, 1024px\" \/>\t\t\t\t\t\t\t\t\t\t\t\t\t\t\t<\/div>\n\t\t\t\t<\/div>\n\t\t\t\t<div class=\"elementor-element elementor-element-75a9a99 elementor-widget elementor-widget-image\" data-id=\"75a9a99\" data-element_type=\"widget\" data-e-type=\"widget\" data-widget_type=\"image.default\">\n\t\t\t\t<div class=\"elementor-widget-container\">\n\t\t\t\t\t\t\t\t\t\t\t\t\t\t\t<img decoding=\"async\" width=\"1024\" height=\"576\" src=\"https:\/\/fisioterapiasar.es\/wp-content\/uploads\/2024\/11\/electroterapia-1024x576.png\" class=\"attachment-large size-large wp-image-1384\" alt=\"\" srcset=\"https:\/\/fisioterapiasar.es\/wp-content\/uploads\/2024\/11\/electroterapia-1024x576.png 1024w, https:\/\/fisioterapiasar.es\/wp-content\/uploads\/2024\/11\/electroterapia-300x169.png 300w, https:\/\/fisioterapiasar.es\/wp-content\/uploads\/2024\/11\/electroterapia-768x432.png 768w, https:\/\/fisioterapiasar.es\/wp-content\/uploads\/2024\/11\/electroterapia-18x10.png 18w, https:\/\/fisioterapiasar.es\/wp-content\/uploads\/2024\/11\/electroterapia.png 1366w\" sizes=\"(max-width: 1024px) 100vw, 1024px\" \/>\t\t\t\t\t\t\t\t\t\t\t\t\t\t\t<\/div>\n\t\t\t\t<\/div>\n\t\t\t\t<div class=\"elementor-element elementor-element-df073c1 elementor-widget elementor-widget-image\" data-id=\"df073c1\" data-element_type=\"widget\" data-e-type=\"widget\" data-widget_type=\"image.default\">\n\t\t\t\t<div class=\"elementor-widget-container\">\n\t\t\t\t\t\t\t\t\t\t\t\t\t\t\t<img decoding=\"async\" width=\"1024\" height=\"576\" src=\"https:\/\/fisioterapiasar.es\/wp-content\/uploads\/2025\/01\/electroterapia-1024x576.png\" class=\"attachment-large size-large wp-image-1572\" alt=\"\" srcset=\"https:\/\/fisioterapiasar.es\/wp-content\/uploads\/2025\/01\/electroterapia-1024x576.png 1024w, https:\/\/fisioterapiasar.es\/wp-content\/uploads\/2025\/01\/electroterapia-300x169.png 300w, https:\/\/fisioterapiasar.es\/wp-content\/uploads\/2025\/01\/electroterapia-768x432.png 768w, https:\/\/fisioterapiasar.es\/wp-content\/uploads\/2025\/01\/electroterapia-18x10.png 18w, https:\/\/fisioterapiasar.es\/wp-content\/uploads\/2025\/01\/electroterapia.png 1366w\" sizes=\"(max-width: 1024px) 100vw, 1024px\" \/>\t\t\t\t\t\t\t\t\t\t\t\t\t\t\t<\/div>\n\t\t\t\t<\/div>\n\t\t\t\t<div class=\"elementor-element elementor-element-191a9de elementor-widget elementor-widget-image\" data-id=\"191a9de\" data-element_type=\"widget\" data-e-type=\"widget\" data-widget_type=\"image.default\">\n\t\t\t\t<div class=\"elementor-widget-container\">\n\t\t\t\t\t\t\t\t\t\t\t\t\t\t\t<img loading=\"lazy\" decoding=\"async\" width=\"1024\" height=\"576\" src=\"https:\/\/fisioterapiasar.es\/wp-content\/uploads\/2025\/01\/puncion_seca-1024x576.png\" class=\"attachment-large size-large wp-image-1578\" alt=\"\" srcset=\"https:\/\/fisioterapiasar.es\/wp-content\/uploads\/2025\/01\/puncion_seca-1024x576.png 1024w, https:\/\/fisioterapiasar.es\/wp-content\/uploads\/2025\/01\/puncion_seca-300x169.png 300w, https:\/\/fisioterapiasar.es\/wp-content\/uploads\/2025\/01\/puncion_seca-768x432.png 768w, https:\/\/fisioterapiasar.es\/wp-content\/uploads\/2025\/01\/puncion_seca-18x10.png 18w, https:\/\/fisioterapiasar.es\/wp-content\/uploads\/2025\/01\/puncion_seca.png 1366w\" sizes=\"(max-width: 1024px) 100vw, 1024px\" \/>\t\t\t\t\t\t\t\t\t\t\t\t\t\t\t<\/div>\n\t\t\t\t<\/div>\n\t\t\t\t<div class=\"elementor-element elementor-element-9d73b75 elementor-widget elementor-widget-image\" data-id=\"9d73b75\" data-element_type=\"widget\" data-e-type=\"widget\" data-widget_type=\"image.default\">\n\t\t\t\t<div class=\"elementor-widget-container\">\n\t\t\t\t\t\t\t\t\t\t\t\t\t\t\t<img loading=\"lazy\" decoding=\"async\" width=\"1024\" height=\"576\" src=\"https:\/\/fisioterapiasar.es\/wp-content\/uploads\/2025\/01\/osteopatia-1024x576.png\" class=\"attachment-large size-large wp-image-1574\" alt=\"\" srcset=\"https:\/\/fisioterapiasar.es\/wp-content\/uploads\/2025\/01\/osteopatia-1024x576.png 1024w, https:\/\/fisioterapiasar.es\/wp-content\/uploads\/2025\/01\/osteopatia-300x169.png 300w, https:\/\/fisioterapiasar.es\/wp-content\/uploads\/2025\/01\/osteopatia-768x432.png 768w, https:\/\/fisioterapiasar.es\/wp-content\/uploads\/2025\/01\/osteopatia-18x10.png 18w, https:\/\/fisioterapiasar.es\/wp-content\/uploads\/2025\/01\/osteopatia.png 1366w\" sizes=\"(max-width: 1024px) 100vw, 1024px\" \/>\t\t\t\t\t\t\t\t\t\t\t\t\t\t\t<\/div>\n\t\t\t\t<\/div>\n\t\t\t\t<div class=\"elementor-element elementor-element-e8f6ba7 elementor-widget elementor-widget-image\" data-id=\"e8f6ba7\" data-element_type=\"widget\" data-e-type=\"widget\" data-widget_type=\"image.default\">\n\t\t\t\t<div class=\"elementor-widget-container\">\n\t\t\t\t\t\t\t\t\t\t\t\t\t\t\t<img loading=\"lazy\" decoding=\"async\" width=\"1024\" height=\"576\" src=\"https:\/\/fisioterapiasar.es\/wp-content\/uploads\/2025\/01\/acupuntura-1024x576.png\" class=\"attachment-large size-large wp-image-1575\" alt=\"\" srcset=\"https:\/\/fisioterapiasar.es\/wp-content\/uploads\/2025\/01\/acupuntura-1024x576.png 1024w, https:\/\/fisioterapiasar.es\/wp-content\/uploads\/2025\/01\/acupuntura-300x169.png 300w, https:\/\/fisioterapiasar.es\/wp-content\/uploads\/2025\/01\/acupuntura-768x432.png 768w, https:\/\/fisioterapiasar.es\/wp-content\/uploads\/2025\/01\/acupuntura-18x10.png 18w, https:\/\/fisioterapiasar.es\/wp-content\/uploads\/2025\/01\/acupuntura.png 1366w\" sizes=\"(max-width: 1024px) 100vw, 1024px\" \/>\t\t\t\t\t\t\t\t\t\t\t\t\t\t\t<\/div>\n\t\t\t\t<\/div>\n\t\t\t\t<div class=\"elementor-element elementor-element-3e15597 elementor-widget elementor-widget-image\" data-id=\"3e15597\" data-element_type=\"widget\" data-e-type=\"widget\" data-widget_type=\"image.default\">\n\t\t\t\t<div class=\"elementor-widget-container\">\n\t\t\t\t\t\t\t\t\t\t\t\t\t\t\t<img loading=\"lazy\" decoding=\"async\" width=\"1024\" height=\"576\" src=\"https:\/\/fisioterapiasar.es\/wp-content\/uploads\/2025\/01\/manuais-1-1024x576.png\" class=\"attachment-large size-large wp-image-1577\" alt=\"\" srcset=\"https:\/\/fisioterapiasar.es\/wp-content\/uploads\/2025\/01\/manuais-1-1024x576.png 1024w, https:\/\/fisioterapiasar.es\/wp-content\/uploads\/2025\/01\/manuais-1-300x169.png 300w, https:\/\/fisioterapiasar.es\/wp-content\/uploads\/2025\/01\/manuais-1-768x432.png 768w, https:\/\/fisioterapiasar.es\/wp-content\/uploads\/2025\/01\/manuais-1-18x10.png 18w, https:\/\/fisioterapiasar.es\/wp-content\/uploads\/2025\/01\/manuais-1.png 1366w\" sizes=\"(max-width: 1024px) 100vw, 1024px\" \/>\t\t\t\t\t\t\t\t\t\t\t\t\t\t\t<\/div>\n\t\t\t\t<\/div>\n\t\t\t\t\t<\/div>\n\t\t\t\t<\/div>\n\t\t\t\t\t<\/div>\n\t\t<\/div>\n\t\t\t\t\t<\/div>\n\t\t<\/section>\n\t\t<div class=\"elementor-element elementor-element-fc17949 e-con-full e-flex e-con e-parent\" data-id=\"fc17949\" data-element_type=\"container\" data-e-type=\"container\" data-settings=\"{&quot;background_background&quot;:&quot;classic&quot;}\">\n\t\t\t\t<div class=\"elementor-element elementor-element-f2939ae elementor-widget elementor-widget-heading\" data-id=\"f2939ae\" data-element_type=\"widget\" data-e-type=\"widget\" data-widget_type=\"heading.default\">\n\t\t\t\t<div class=\"elementor-widget-container\">\n\t\t\t\t\t<h4 class=\"elementor-heading-title elementor-size-default\">Reserva a t\u00faa cita<\/h4>\t\t\t\t<\/div>\n\t\t\t\t<\/div>\n\t\t\t\t<div class=\"elementor-element elementor-element-a04bf75 elementor-widget__width-initial elementor-widget-mobile__width-inherit elementor-widget elementor-widget-text-editor\" data-id=\"a04bf75\" data-element_type=\"widget\" data-e-type=\"widget\" data-widget_type=\"text-editor.default\">\n\t\t\t\t<div class=\"elementor-widget-container\">\n\t\t\t\t\t\t\t\t\t<p>Se est\u00e1s interesado en programar un connosco ou co\u00f1ecer m\u00e1is sobre os servizos, non dubides en contactar connosco.<\/p>\t\t\t\t\t\t\t\t<\/div>\n\t\t\t\t<\/div>\n\t\t\t\t<div class=\"elementor-element elementor-element-17d8688 elementor-align-center elementor-widget elementor-widget-button\" data-id=\"17d8688\" data-element_type=\"widget\" data-e-type=\"widget\" data-widget_type=\"button.default\">\n\t\t\t\t<div class=\"elementor-widget-container\">\n\t\t\t\t\t\t\t\t\t<div class=\"elementor-button-wrapper\">\n\t\t\t\t\t<a class=\"elementor-button elementor-button-link elementor-size-lg elementor-animation-grow\" href=\"\/gl\/contacto\/\">\n\t\t\t\t\t\t<span class=\"elementor-button-content-wrapper\">\n\t\t\t\t\t\t\t\t\t<span class=\"elementor-button-text\">Contactar<\/span>\n\t\t\t\t\t<\/span>\n\t\t\t\t\t<\/a>\n\t\t\t\t<\/div>\n\t\t\t\t\t\t\t\t<\/div>\n\t\t\t\t<\/div>\n\t\t\t\t<\/div>\n\t\t\t\t<\/div>","protected":false},"excerpt":{"rendered":"<p>Terapias En Fisioterapia Sar realizamos los siguientes tipos de terapias: Radiofrecuencia Electroterapia Magnetoterapia Punci\u00f3n seca Osteopat\u00eda Acupuntura Terapias manuales Reserva tu cita Si te interesa programar una con nosotros o informarte m\u00e1s sobre los servicios no dudes en contactarnos. Contactar<\/p>","protected":false},"author":1,"featured_media":0,"parent":0,"menu_order":0,"comment_status":"closed","ping_status":"closed","template":"","meta":{"om_disable_all_campaigns":false,"_monsterinsights_skip_tracking":false,"_monsterinsights_sitenote_active":false,"_monsterinsights_sitenote_note":"","_monsterinsights_sitenote_category":0,"neve_meta_sidebar":"","neve_meta_container":"","neve_meta_enable_content_width":"","neve_meta_content_width":0,"neve_meta_title_alignment":"","neve_meta_author_avatar":"","neve_post_elements_order":"","neve_meta_disable_header":"","neve_meta_disable_footer":"","neve_meta_disable_title":"on","neve_meta_reading_time":"","_ti_tpc_template_sync":false,"_ti_tpc_template_id":"","footnotes":""},"class_list":["post-1570","page","type-page","status-publish","hentry"],"aioseo_notices":[],"_links":{"self":[{"href":"https:\/\/fisioterapiasar.es\/gl\/wp-json\/wp\/v2\/pages\/1570","targetHints":{"allow":["GET"]}}],"collection":[{"href":"https:\/\/fisioterapiasar.es\/gl\/wp-json\/wp\/v2\/pages"}],"about":[{"href":"https:\/\/fisioterapiasar.es\/gl\/wp-json\/wp\/v2\/types\/page"}],"author":[{"embeddable":true,"href":"https:\/\/fisioterapiasar.es\/gl\/wp-json\/wp\/v2\/users\/1"}],"replies":[{"embeddable":true,"href":"https:\/\/fisioterapiasar.es\/gl\/wp-json\/wp\/v2\/comments?post=1570"}],"version-history":[{"count":5,"href":"https:\/\/fisioterapiasar.es\/gl\/wp-json\/wp\/v2\/pages\/1570\/revisions"}],"predecessor-version":[{"id":1582,"href":"https:\/\/fisioterapiasar.es\/gl\/wp-json\/wp\/v2\/pages\/1570\/revisions\/1582"}],"wp:attachment":[{"href":"https:\/\/fisioterapiasar.es\/gl\/wp-json\/wp\/v2\/media?parent=1570"}],"curies":[{"name":"wp","href":"https:\/\/api.w.org\/{rel}","templated":true}]}}