{"id":658,"date":"2023-11-14T11:37:51","date_gmt":"2023-11-14T10:37:51","guid":{"rendered":"https:\/\/fisioterapiasar.es\/?page_id=658"},"modified":"2024-12-16T23:56:36","modified_gmt":"2024-12-16T22:56:36","slug":"equipo","status":"publish","type":"page","link":"https:\/\/fisioterapiasar.es\/gl\/equipo\/","title":{"rendered":"Equipo"},"content":{"rendered":"<div data-elementor-type=\"wp-page\" data-elementor-id=\"658\" class=\"elementor elementor-658\">\n\t\t\t\t<div class=\"elementor-element elementor-element-aa54196 e-flex e-con-boxed e-con e-parent\" data-id=\"aa54196\" data-element_type=\"container\" data-e-type=\"container\" data-settings=\"{&quot;background_background&quot;:&quot;classic&quot;}\">\n\t\t\t\t\t<div class=\"e-con-inner\">\n\t\t\t\t<div class=\"elementor-element elementor-element-61c25533 elementor-widget elementor-widget-heading\" data-id=\"61c25533\" data-element_type=\"widget\" data-e-type=\"widget\" data-widget_type=\"heading.default\">\n\t\t\t\t<div class=\"elementor-widget-container\">\n\t\t\t\t\t<h4 class=\"elementor-heading-title elementor-size-default\">Equipo<\/h4>\t\t\t\t<\/div>\n\t\t\t\t<\/div>\n\t\t\t\t<div class=\"elementor-element elementor-element-2f44e8f5 elementor-widget elementor-widget-heading\" data-id=\"2f44e8f5\" data-element_type=\"widget\" data-e-type=\"widget\" data-widget_type=\"heading.default\">\n\t\t\t\t<div class=\"elementor-widget-container\">\n\t\t\t\t\t<h1 class=\"elementor-heading-title elementor-size-default\">Fisioterapia Sar<\/h1>\t\t\t\t<\/div>\n\t\t\t\t<\/div>\n\t\t\t\t<div class=\"elementor-element elementor-element-7fe253f6 elementor-widget elementor-widget-heading\" data-id=\"7fe253f6\" data-element_type=\"widget\" data-e-type=\"widget\" data-widget_type=\"heading.default\">\n\t\t\t\t<div class=\"elementor-widget-container\">\n\t\t\t\t\t<h5 class=\"elementor-heading-title elementor-size-default\">Altamente cualificado e con anos de experiencia e formaci\u00f3n continua<\/h5>\t\t\t\t<\/div>\n\t\t\t\t<\/div>\n\t\t\t\t\t<\/div>\n\t\t\t\t<\/div>\n\t\t<div class=\"elementor-element elementor-element-50acf26 e-flex e-con-boxed e-con e-parent\" data-id=\"50acf26\" data-element_type=\"container\" data-e-type=\"container\" data-settings=\"{&quot;background_background&quot;:&quot;classic&quot;}\">\n\t\t\t\t\t<div class=\"e-con-inner\">\n\t\t<div class=\"elementor-element elementor-element-4af6d32 e-con-full e-flex e-con e-child\" data-id=\"4af6d32\" data-element_type=\"container\" data-e-type=\"container\">\n\t\t\t\t<div class=\"elementor-element elementor-element-35df68c elementor-invisible elementor-widget elementor-widget-image\" data-id=\"35df68c\" data-element_type=\"widget\" data-e-type=\"widget\" data-settings=\"{&quot;_animation&quot;:&quot;fadeIn&quot;}\" data-widget_type=\"image.default\">\n\t\t\t\t<div class=\"elementor-widget-container\">\n\t\t\t\t\t\t\t\t\t\t\t\t\t\t\t<img fetchpriority=\"high\" decoding=\"async\" width=\"438\" height=\"371\" src=\"https:\/\/fisioterapiasar.es\/wp-content\/uploads\/2024\/11\/equipo2.png\" class=\"attachment-medium_large size-medium_large wp-image-1348\" alt=\"\" srcset=\"https:\/\/fisioterapiasar.es\/wp-content\/uploads\/2024\/11\/equipo2.png 438w, https:\/\/fisioterapiasar.es\/wp-content\/uploads\/2024\/11\/equipo2-300x254.png 300w, https:\/\/fisioterapiasar.es\/wp-content\/uploads\/2024\/11\/equipo2-14x12.png 14w\" sizes=\"(max-width: 438px) 100vw, 438px\" \/>\t\t\t\t\t\t\t\t\t\t\t\t\t\t\t<\/div>\n\t\t\t\t<\/div>\n\t\t\t\t<\/div>\n\t\t<div class=\"elementor-element elementor-element-886ab33 e-con-full e-flex e-con e-child\" data-id=\"886ab33\" data-element_type=\"container\" data-e-type=\"container\">\n\t\t\t\t<div class=\"elementor-element elementor-element-baee7c1 elementor-widget elementor-widget-heading\" data-id=\"baee7c1\" data-element_type=\"widget\" data-e-type=\"widget\" data-widget_type=\"heading.default\">\n\t\t\t\t<div class=\"elementor-widget-container\">\n\t\t\t\t\t<h4 class=\"elementor-heading-title elementor-size-default\">En <b>Cl\u00ednica de Fisioterapia Sar <\/b>Contamos cun equipo de fisioterapeutas altamente cualificados comprometidos contigo. Cada membro do equipo combina anos de experiencia coa formaci\u00f3n continua para ofrecerche sempre un tratamento eficaz e actualizado.<br><br>\nEstamos orgullosos de ofrecer un enfoque pr\u00f3ximo e profesional \u00e1 atenci\u00f3n co obxectivo de mellorar a s\u00faa sa\u00fade.<\/h4>\t\t\t\t<\/div>\n\t\t\t\t<\/div>\n\t\t\t\t<\/div>\n\t\t\t\t\t<\/div>\n\t\t\t\t<\/div>\n\t\t<div class=\"elementor-element elementor-element-b8c6082 e-flex e-con-boxed e-con e-parent\" data-id=\"b8c6082\" data-element_type=\"container\" data-e-type=\"container\">\n\t\t\t\t\t<div class=\"e-con-inner\">\n\t\t<div class=\"elementor-element elementor-element-9ca9755 e-con-full e-flex e-con e-child\" data-id=\"9ca9755\" data-element_type=\"container\" data-e-type=\"container\">\n\t\t\t\t<div class=\"elementor-element elementor-element-13ad667 elementor-widget elementor-widget-image\" data-id=\"13ad667\" data-element_type=\"widget\" data-e-type=\"widget\" data-widget_type=\"image.default\">\n\t\t\t\t<div class=\"elementor-widget-container\">\n\t\t\t\t\t\t\t\t\t\t\t\t\t\t\t<img decoding=\"async\" width=\"274\" height=\"268\" src=\"https:\/\/fisioterapiasar.es\/wp-content\/uploads\/2024\/11\/icono.png\" class=\"attachment-large size-large wp-image-1349\" alt=\"\" srcset=\"https:\/\/fisioterapiasar.es\/wp-content\/uploads\/2024\/11\/icono.png 274w, https:\/\/fisioterapiasar.es\/wp-content\/uploads\/2024\/11\/icono-12x12.png 12w\" sizes=\"(max-width: 274px) 100vw, 274px\" \/>\t\t\t\t\t\t\t\t\t\t\t\t\t\t\t<\/div>\n\t\t\t\t<\/div>\n\t\t\t\t<div class=\"elementor-element elementor-element-ef8f3dd elementor-widget elementor-widget-heading\" data-id=\"ef8f3dd\" data-element_type=\"widget\" data-e-type=\"widget\" data-widget_type=\"heading.default\">\n\t\t\t\t<div class=\"elementor-widget-container\">\n\t\t\t\t\t<h2 class=\"elementor-heading-title elementor-size-default\">Persoa 1<\/h2>\t\t\t\t<\/div>\n\t\t\t\t<\/div>\n\t\t\t\t<div class=\"elementor-element elementor-element-4925a0a elementor-widget elementor-widget-text-editor\" data-id=\"4925a0a\" data-element_type=\"widget\" data-e-type=\"widget\" data-widget_type=\"text-editor.default\">\n\t\t\t\t<div class=\"elementor-widget-container\">\n\t\t\t\t\t\t\t\t\t<p>T\u00edtulo:\u00a0<\/p><p>Formaci\u00f3n:<\/p><p>Especialidades:<\/p><p>Experiencia:<\/p>\t\t\t\t\t\t\t\t<\/div>\n\t\t\t\t<\/div>\n\t\t\t\t<\/div>\n\t\t<div class=\"elementor-element elementor-element-18d40b3 e-con-full e-flex e-con e-child\" data-id=\"18d40b3\" data-element_type=\"container\" data-e-type=\"container\">\n\t\t\t\t<div class=\"elementor-element elementor-element-fa56c56 elementor-widget elementor-widget-image\" data-id=\"fa56c56\" data-element_type=\"widget\" data-e-type=\"widget\" data-widget_type=\"image.default\">\n\t\t\t\t<div class=\"elementor-widget-container\">\n\t\t\t\t\t\t\t\t\t\t\t\t\t\t\t<img decoding=\"async\" width=\"274\" height=\"268\" src=\"https:\/\/fisioterapiasar.es\/wp-content\/uploads\/2024\/11\/icono.png\" class=\"attachment-large size-large wp-image-1349\" alt=\"\" srcset=\"https:\/\/fisioterapiasar.es\/wp-content\/uploads\/2024\/11\/icono.png 274w, https:\/\/fisioterapiasar.es\/wp-content\/uploads\/2024\/11\/icono-12x12.png 12w\" sizes=\"(max-width: 274px) 100vw, 274px\" \/>\t\t\t\t\t\t\t\t\t\t\t\t\t\t\t<\/div>\n\t\t\t\t<\/div>\n\t\t\t\t<div class=\"elementor-element elementor-element-12afb7e elementor-widget elementor-widget-heading\" data-id=\"12afb7e\" data-element_type=\"widget\" data-e-type=\"widget\" data-widget_type=\"heading.default\">\n\t\t\t\t<div class=\"elementor-widget-container\">\n\t\t\t\t\t<h2 class=\"elementor-heading-title elementor-size-default\">Persoa 2<\/h2>\t\t\t\t<\/div>\n\t\t\t\t<\/div>\n\t\t\t\t<div class=\"elementor-element elementor-element-97e69e4 elementor-widget elementor-widget-text-editor\" data-id=\"97e69e4\" data-element_type=\"widget\" data-e-type=\"widget\" data-widget_type=\"text-editor.default\">\n\t\t\t\t<div class=\"elementor-widget-container\">\n\t\t\t\t\t\t\t\t\t<p>T\u00edtulo:\u00a0<\/p><p>Formaci\u00f3n:<\/p><p>Especialidades:<\/p><p>Experiencia:<\/p>\t\t\t\t\t\t\t\t<\/div>\n\t\t\t\t<\/div>\n\t\t\t\t<\/div>\n\t\t<div class=\"elementor-element elementor-element-b0470c7 e-con-full e-flex e-con e-child\" data-id=\"b0470c7\" data-element_type=\"container\" data-e-type=\"container\">\n\t\t\t\t<div class=\"elementor-element elementor-element-328a324 elementor-widget elementor-widget-image\" data-id=\"328a324\" data-element_type=\"widget\" data-e-type=\"widget\" data-widget_type=\"image.default\">\n\t\t\t\t<div class=\"elementor-widget-container\">\n\t\t\t\t\t\t\t\t\t\t\t\t\t\t\t<img decoding=\"async\" width=\"274\" height=\"268\" src=\"https:\/\/fisioterapiasar.es\/wp-content\/uploads\/2024\/11\/icono.png\" class=\"attachment-large size-large wp-image-1349\" alt=\"\" srcset=\"https:\/\/fisioterapiasar.es\/wp-content\/uploads\/2024\/11\/icono.png 274w, https:\/\/fisioterapiasar.es\/wp-content\/uploads\/2024\/11\/icono-12x12.png 12w\" sizes=\"(max-width: 274px) 100vw, 274px\" \/>\t\t\t\t\t\t\t\t\t\t\t\t\t\t\t<\/div>\n\t\t\t\t<\/div>\n\t\t\t\t<div class=\"elementor-element elementor-element-d16500a elementor-widget elementor-widget-heading\" data-id=\"d16500a\" data-element_type=\"widget\" data-e-type=\"widget\" data-widget_type=\"heading.default\">\n\t\t\t\t<div class=\"elementor-widget-container\">\n\t\t\t\t\t<h2 class=\"elementor-heading-title elementor-size-default\">Persoa 3<\/h2>\t\t\t\t<\/div>\n\t\t\t\t<\/div>\n\t\t\t\t<div class=\"elementor-element elementor-element-fd0b16c elementor-widget elementor-widget-text-editor\" data-id=\"fd0b16c\" data-element_type=\"widget\" data-e-type=\"widget\" data-widget_type=\"text-editor.default\">\n\t\t\t\t<div class=\"elementor-widget-container\">\n\t\t\t\t\t\t\t\t\t<p>T\u00edtulo:\u00a0<\/p><p>Formaci\u00f3n:<\/p><p>Especialidades:<\/p><p>Experiencia:<\/p>\t\t\t\t\t\t\t\t<\/div>\n\t\t\t\t<\/div>\n\t\t\t\t<\/div>\n\t\t<div class=\"elementor-element elementor-element-aa5dd85 e-con-full e-flex e-con e-child\" data-id=\"aa5dd85\" data-element_type=\"container\" data-e-type=\"container\">\n\t\t\t\t<div class=\"elementor-element elementor-element-e2934f3 elementor-widget elementor-widget-image\" data-id=\"e2934f3\" data-element_type=\"widget\" data-e-type=\"widget\" data-widget_type=\"image.default\">\n\t\t\t\t<div class=\"elementor-widget-container\">\n\t\t\t\t\t\t\t\t\t\t\t\t\t\t\t<img decoding=\"async\" width=\"274\" height=\"268\" src=\"https:\/\/fisioterapiasar.es\/wp-content\/uploads\/2024\/11\/icono.png\" class=\"attachment-large size-large wp-image-1349\" alt=\"\" srcset=\"https:\/\/fisioterapiasar.es\/wp-content\/uploads\/2024\/11\/icono.png 274w, https:\/\/fisioterapiasar.es\/wp-content\/uploads\/2024\/11\/icono-12x12.png 12w\" sizes=\"(max-width: 274px) 100vw, 274px\" \/>\t\t\t\t\t\t\t\t\t\t\t\t\t\t\t<\/div>\n\t\t\t\t<\/div>\n\t\t\t\t<div class=\"elementor-element elementor-element-c1a5d71 elementor-widget elementor-widget-heading\" data-id=\"c1a5d71\" data-element_type=\"widget\" data-e-type=\"widget\" data-widget_type=\"heading.default\">\n\t\t\t\t<div class=\"elementor-widget-container\">\n\t\t\t\t\t<h2 class=\"elementor-heading-title elementor-size-default\">Persoa 4<\/h2>\t\t\t\t<\/div>\n\t\t\t\t<\/div>\n\t\t\t\t<div class=\"elementor-element elementor-element-12d1541 elementor-widget elementor-widget-text-editor\" data-id=\"12d1541\" data-element_type=\"widget\" data-e-type=\"widget\" data-widget_type=\"text-editor.default\">\n\t\t\t\t<div class=\"elementor-widget-container\">\n\t\t\t\t\t\t\t\t\t<p>T\u00edtulo:\u00a0<\/p><p>Formaci\u00f3n:<\/p><p>Especialidades:<\/p><p>Experiencia:<\/p>\t\t\t\t\t\t\t\t<\/div>\n\t\t\t\t<\/div>\n\t\t\t\t<\/div>\n\t\t<div class=\"elementor-element elementor-element-9df5e14 e-con-full e-flex e-con e-child\" data-id=\"9df5e14\" data-element_type=\"container\" data-e-type=\"container\">\n\t\t\t\t<div class=\"elementor-element elementor-element-1a384c9 elementor-widget elementor-widget-image\" data-id=\"1a384c9\" data-element_type=\"widget\" data-e-type=\"widget\" data-widget_type=\"image.default\">\n\t\t\t\t<div class=\"elementor-widget-container\">\n\t\t\t\t\t\t\t\t\t\t\t\t\t\t\t<img decoding=\"async\" width=\"274\" height=\"268\" src=\"https:\/\/fisioterapiasar.es\/wp-content\/uploads\/2024\/11\/icono.png\" class=\"attachment-large size-large wp-image-1349\" alt=\"\" srcset=\"https:\/\/fisioterapiasar.es\/wp-content\/uploads\/2024\/11\/icono.png 274w, https:\/\/fisioterapiasar.es\/wp-content\/uploads\/2024\/11\/icono-12x12.png 12w\" sizes=\"(max-width: 274px) 100vw, 274px\" \/>\t\t\t\t\t\t\t\t\t\t\t\t\t\t\t<\/div>\n\t\t\t\t<\/div>\n\t\t\t\t<div class=\"elementor-element elementor-element-fb62d8f elementor-widget elementor-widget-heading\" data-id=\"fb62d8f\" data-element_type=\"widget\" data-e-type=\"widget\" data-widget_type=\"heading.default\">\n\t\t\t\t<div class=\"elementor-widget-container\">\n\t\t\t\t\t<h2 class=\"elementor-heading-title elementor-size-default\">Persoa 4<\/h2>\t\t\t\t<\/div>\n\t\t\t\t<\/div>\n\t\t\t\t<div class=\"elementor-element elementor-element-3df404d elementor-widget elementor-widget-text-editor\" data-id=\"3df404d\" data-element_type=\"widget\" data-e-type=\"widget\" data-widget_type=\"text-editor.default\">\n\t\t\t\t<div class=\"elementor-widget-container\">\n\t\t\t\t\t\t\t\t\t<p>T\u00edtulo:\u00a0<\/p><p>Formaci\u00f3n:<\/p><p>Especialidades:<\/p><p>Experiencia:<\/p>\t\t\t\t\t\t\t\t<\/div>\n\t\t\t\t<\/div>\n\t\t\t\t<\/div>\n\t\t\t\t\t<\/div>\n\t\t\t\t<\/div>\n\t\t\t\t<\/div>","protected":false},"excerpt":{"rendered":"<p>Equipo Fisioterapia Sar Altamente cualificados y con a\u00f1os de experiencia y formaci\u00f3n continua En Cl\u00ednica de Fisioterapia Sar contamos con un equipo de fisioterapeutas altamente cualificados y comprometidos contigo. Cada miembro del equipo combina a\u00f1os de experiencia con una formaci\u00f3n continua para ofrecerte siempre un tratamiento efectivo y actualizado. Nos enorgullece proporcionar un enfoque de&hellip;&nbsp;<a href=\"https:\/\/fisioterapiasar.es\/gl\/equipo\/\" rel=\"bookmark\">Read More &raquo;<span class=\"screen-reader-text\">Equipo<\/span><\/a><\/p>","protected":false},"author":1,"featured_media":0,"parent":0,"menu_order":0,"comment_status":"closed","ping_status":"closed","template":"","meta":{"om_disable_all_campaigns":false,"_monsterinsights_skip_tracking":false,"_monsterinsights_sitenote_active":false,"_monsterinsights_sitenote_note":"","_monsterinsights_sitenote_category":0,"neve_meta_sidebar":"","neve_meta_container":"full-width","neve_meta_enable_content_width":"","neve_meta_content_width":0,"neve_meta_title_alignment":"","neve_meta_author_avatar":"","neve_post_elements_order":"","neve_meta_disable_header":"","neve_meta_disable_footer":"","neve_meta_disable_title":"on","neve_meta_reading_time":"","_ti_tpc_template_sync":false,"_ti_tpc_template_id":"","footnotes":""},"class_list":["post-658","page","type-page","status-publish","hentry"],"aioseo_notices":[],"_links":{"self":[{"href":"https:\/\/fisioterapiasar.es\/gl\/wp-json\/wp\/v2\/pages\/658","targetHints":{"allow":["GET"]}}],"collection":[{"href":"https:\/\/fisioterapiasar.es\/gl\/wp-json\/wp\/v2\/pages"}],"about":[{"href":"https:\/\/fisioterapiasar.es\/gl\/wp-json\/wp\/v2\/types\/page"}],"author":[{"embeddable":true,"href":"https:\/\/fisioterapiasar.es\/gl\/wp-json\/wp\/v2\/users\/1"}],"replies":[{"embeddable":true,"href":"https:\/\/fisioterapiasar.es\/gl\/wp-json\/wp\/v2\/comments?post=658"}],"version-history":[{"count":68,"href":"https:\/\/fisioterapiasar.es\/gl\/wp-json\/wp\/v2\/pages\/658\/revisions"}],"predecessor-version":[{"id":1475,"href":"https:\/\/fisioterapiasar.es\/gl\/wp-json\/wp\/v2\/pages\/658\/revisions\/1475"}],"wp:attachment":[{"href":"https:\/\/fisioterapiasar.es\/gl\/wp-json\/wp\/v2\/media?parent=658"}],"curies":[{"name":"wp","href":"https:\/\/api.w.org\/{rel}","templated":true}]}}